{"id":1776,"date":"2021-12-08T14:44:14","date_gmt":"2021-12-08T13:44:14","guid":{"rendered":"https:\/\/melaniebonnet-psychologue.com\/?page_id=1776"},"modified":"2022-06-21T14:40:16","modified_gmt":"2022-06-21T12:40:16","slug":"reglement-interieur-2","status":"publish","type":"page","link":"https:\/\/melaniebonnet-psychologue.com\/index.php\/reglement-interieur-2\/","title":{"rendered":"R\u00e8glement int\u00e9rieur"},"content":{"rendered":"\n<p><strong>Pr\u00e9ambule<\/strong><\/p>\n\n\n\n<p>Article 1 \u2013 Objet et champ d\u2019application du r\u00e8glement<\/p>\n\n\n\n<p>Le pr\u00e9sent r\u00e8glement s\u2019applique \u00e0 toutes les personnes participant \u00e0 une action de formation organis\u00e9e par Madame M\u00e9lanie BONNET. Le r\u00e8glement d\u00e9finit les r\u00e8gles d\u2019hygi\u00e8ne et de s\u00e9curit\u00e9, les r\u00e8gles g\u00e9n\u00e9rales et permanentes relatives \u00e0 la discipline ainsi que la nature et l\u2019\u00e9chelle des sanctions pouvant \u00eatre prises vis-\u00e0-vis des stagiaires qui y contreviennent et les garanties proc\u00e9durales applicables lorsqu\u2019une sanction est envisag\u00e9e.<\/p>\n\n\n\n<p>Toute personne doit respecter les termes du pr\u00e9sent r\u00e8glement durant toute la dur\u00e9e de l\u2019action de formation. Ce r\u00e8glement int\u00e9rieur entre en application \u00e0 compter de la date de d\u00e9marrage de la formation.<\/p>\n\n\n\n<p><strong>SECTION 1&nbsp;: R\u00c8GLE D\u2019HYGI\u00c8NE ET DE S\u00c9CURIT\u00c9<\/strong><\/p>\n\n\n\n<p>Article 2 \u2013 Principes g\u00e9n\u00e9raux<\/p>\n\n\n\n<p>La pr\u00e9vention des risques d\u2019accidents et de maladies est imp\u00e9rative et exige de chacun le respect : des prescriptions applicables en mati\u00e8re d\u2019hygi\u00e8ne et de s\u00e9curit\u00e9 sur les lieux de formation ; de toute consigne impos\u00e9e soit par la direction de l\u2019organisme de formation soit par le constructeur ou le formateur s\u2019agissant notamment de l\u2019usage des mat\u00e9riels mis \u00e0 disposition. Chaque stagiaire doit ainsi veiller \u00e0 sa s\u00e9curit\u00e9 personnelle et \u00e0 celle des autres en respectant, en fonction de sa formation, les consignes g\u00e9n\u00e9rales et particuli\u00e8res en mati\u00e8re d\u2019hygi\u00e8ne et de s\u00e9curit\u00e9. S\u2019il constate un dysfonctionnement du syst\u00e8me de s\u00e9curit\u00e9, il en avertit imm\u00e9diatement la direction de l\u2019organisme de formation. Le non-respect de ces consignes expose la personne \u00e0 des sanctions disciplinaires.<\/p>\n\n\n\n<p>Article 3 \u2013 Boissons alcoolis\u00e9es et drogues<\/p>\n\n\n\n<p>L\u2019introduction ou la consommation de drogue ou de boissons alcoolis\u00e9es dans les locaux est formellement interdite. Il est interdit aux stagiaires de p\u00e9n\u00e9trer ou de s\u00e9journer en \u00e9tat d\u2019ivresse ou sous l\u2019emprise de drogue dans l\u2019organisme de formation. Les stagiaires auront acc\u00e8s lors des pauses aux postes de distribution de boissons non alcoolis\u00e9es.<\/p>\n\n\n\n<p>Article 4 &#8211; Interdiction de fumer<\/p>\n\n\n\n<p>Il est formellement interdit de fumer dans les salles de formation et plus g\u00e9n\u00e9ralement dans l\u2019enceinte de l\u2019organisme de formation.<\/p>\n\n\n\n<p>Article 5 &#8211; Accident<\/p>\n\n\n\n<p>Le stagiaire victime d\u2019un accident \u2013 survenu pendant la formation ou pendant le temps de trajet entre le lieu de formation et son domicile ou son lieu de travail \u2013 ou le t\u00e9moin de cet accident avertit imm\u00e9diatement la direction de l\u2019organisme de formation. Le responsable de l\u2019organisme de formation entreprend les d\u00e9marches appropri\u00e9es en mati\u00e8re de soins et r\u00e9alise la d\u00e9claration aupr\u00e8s de la caisse de S\u00e9curit\u00e9 sociale comp\u00e9tente.<\/p>\n\n\n\n<p><strong>SECTION 2 : DISCIPLINE G\u00c9N\u00c9RALE<\/strong><\/p>\n\n\n\n<p>Article 6 &#8211; Assiduit\u00e9 du stagiaire en formation<\/p>\n\n\n\n<p>Article 6.1. Horaires de formation<\/p>\n\n\n\n<p>Les stagiaires doivent se conformer aux horaires fix\u00e9s et communiqu\u00e9s au pr\u00e9alable par l\u2019organisme de formation. Le non-respect de ces horaires peut entra\u00eener des sanctions. Sauf circonstances exceptionnelles, les stagiaires ne peuvent s\u2019absenter pendant les heures de stage.<\/p>\n\n\n\n<p>Article 6.2. &#8211; Absences, retards ou d\u00e9parts anticip\u00e9s<\/p>\n\n\n\n<p>En cas d\u2019absence, de retard ou de d\u00e9part avant l\u2019horaire pr\u00e9vu, les stagiaires doivent avertir l\u2019organisme de formation et s\u2019en justifier. Tout \u00e9v\u00e9nement non justifi\u00e9 par des circonstances particuli\u00e8res constitue une faute passible de sanctions disciplinaires. De plus, conform\u00e9ment \u00e0 l\u2019article R6341-45 du Code du travail, le stagiaire \u2013 dont la r\u00e9mun\u00e9ration est prise en charge par les pouvoirs publics \u2013 s\u2019expose \u00e0 une retenue sur sa r\u00e9mun\u00e9ration de stage proportionnelle \u00e0 la dur\u00e9e de l\u2019absence.<\/p>\n\n\n\n<p>Article 6.3 &#8211; Formalisme attach\u00e9 au suivi de la formation<\/p>\n\n\n\n<p>Le stagiaire est tenu de renseigner la feuille d\u2019\u00e9margement au fur et \u00e0 mesure du d\u00e9roulement de l\u2019action. Il peut lui \u00eatre demand\u00e9 de r\u00e9aliser un bilan de la formation. A l\u2019issue de l\u2019action de formation, il se voit remettre une attestation de fin de formation et une attestation de pr\u00e9sence au stage \u00e0 transmettre, selon le cas, \u00e0 son employeur\/administration ou \u00e0 l\u2019organisme qui finance l\u2019action. Le stagiaire remet, dans les meilleurs d\u00e9lais, \u00e0 l\u2019organisme de formation les documents qu\u2019il doit renseigner en tant que prestataire (demande de r\u00e9mun\u00e9ration ou de prise en charge des frais li\u00e9s \u00e0 la formation ; attestations d\u2019inscription ou d\u2019entr\u00e9e en stage\u2026).<\/p>\n\n\n\n<p>Article 7 &#8211; Acc\u00e8s aux locaux de formation<\/p>\n\n\n\n<p>Sauf autorisation expresse de la direction de l\u2019organisme de formation, le stagiaire ne peut : entrer ou demeurer dans les locaux de formation \u00e0 d\u2019autres fins que la formation ; y introduire, faire introduire ou faciliter l\u2019introduction de personnes \u00e9trang\u00e8res \u00e0 l\u2019organisme ; proc\u00e9der, dans ces derniers, \u00e0 la vente de biens ou de services.<\/p>\n\n\n\n<p>Article 8 &#8211; Tenue<\/p>\n\n\n\n<p>Le stagiaire est invit\u00e9 \u00e0 se pr\u00e9senter \u00e0 l\u2019organisme en tenue vestimentaire correcte. Des prescriptions vestimentaires sp\u00e9cifiques peuvent \u00eatre \u00e9dict\u00e9es et transmises au stagiaire pour des formations exposant ce dernier \u00e0 des risques particuliers en raison de l\u2019espace de formation ou des mat\u00e9riaux utilis\u00e9s.<\/p>\n\n\n\n<p>Article 9 &#8211; Comportement<\/p>\n\n\n\n<p>Il est demand\u00e9 \u00e0 tout stagiaire d\u2019avoir un comportement garantissant le respect des r\u00e8gles \u00e9l\u00e9mentaires de savoir vivre, de savoir \u00eatre en collectivit\u00e9 et le bon d\u00e9roulement des formations.<\/p>\n\n\n\n<p>Article 10 &#8211; Utilisation du mat\u00e9riel<\/p>\n\n\n\n<p>Sauf autorisation particuli\u00e8re de la direction de l\u2019organisme de formation, l\u2019usage du mat\u00e9riel de formation se fait sur les lieux de formation et est exclusivement r\u00e9serv\u00e9 \u00e0 l\u2019activit\u00e9 de formation. L\u2019utilisation du mat\u00e9riel \u00e0 des fins personnelles est interdite. Le stagiaire est tenu de conserver en bon \u00e9tat le mat\u00e9riel qui lui est confi\u00e9 pour la formation. Il doit en faire un usage conforme \u00e0 son objet et selon les r\u00e8gles d\u00e9livr\u00e9es par le formateur. Le stagiaire signale imm\u00e9diatement au formateur toute anomalie du mat\u00e9riel.<\/p>\n\n\n\n<p><strong>SECTION 3 : MESURES DISCIPLINAIRES<\/strong><\/p>\n\n\n\n<p>Article 11 &#8211; Sanctions disciplinaires<\/p>\n\n\n\n<p>Tout manquement du stagiaire \u00e0 l\u2019une des prescriptions du pr\u00e9sent r\u00e8glement int\u00e9rieur pourra faire l\u2019objet d\u2019une sanction prononc\u00e9e par le responsable de l\u2019organisme de formation ou son repr\u00e9sentant. Tout agissement consid\u00e9r\u00e9 comme fautif pourra, en fonction de sa nature et de sa gravit\u00e9, faire l\u2019objet de l\u2019une ou l\u2019autre des sanctions suivantes :<\/p>\n\n\n\n<ul><li>rappel \u00e0 l\u2019ordre ;<\/li><li>avertissement \u00e9crit par le directeur de l\u2019organisme de formation ou par son repr\u00e9sentant ;<\/li><li>exclusion temporaire de la formation ;<\/li><li>exclusion d\u00e9finitive de la formation.<\/li><\/ul>\n\n\n\n<p>Les amendes ou autres sanctions p\u00e9cuniaires sont interdites. Le responsable de l\u2019organisme de formation ou son repr\u00e9sentant informe de la sanction prise : l\u2019employeur du salari\u00e9 stagiaire ou l\u2019administration de l\u2019agent stagiaire &#8211; et\/ou le financeur du stage.<\/p>\n\n\n\n<p>Article 12 &#8211; Garanties disciplinaires<\/p>\n\n\n\n<p>Article 12.1. \u2013 Information du stagiaire<\/p>\n\n\n\n<p>Aucune sanction ne peut \u00eatre inflig\u00e9e au stagiaire sans que celui-ci ait \u00e9t\u00e9 inform\u00e9 au pr\u00e9alable des griefs retenus contre lui. Toutefois, lorsqu\u2019un agissement, consid\u00e9r\u00e9 comme fautif, a rendu indispensable une mesure conservatoire d\u2019exclusion temporaire \u00e0 effet imm\u00e9diat, aucune sanction d\u00e9finitive relative \u00e0 cet agissement ne peut \u00eatre prise sans que le stagiaire n\u2019ait \u00e9t\u00e9 au pr\u00e9alable inform\u00e9 des griefs retenus contre lui et \u00e9ventuellement, que la proc\u00e9dure ci-apr\u00e8s d\u00e9crite ait \u00e9t\u00e9 respect\u00e9e.<\/p>\n\n\n\n<p>Article 12.2 &#8211; Convocation pour un entretien<\/p>\n\n\n\n<p>Lorsque le directeur de l\u2019organisme de formation ou son repr\u00e9sentant envisage de prendre une sanction, il est proc\u00e9d\u00e9 de la mani\u00e8re suivante : il convoque le stagiaire \u2013 par lettre recommand\u00e9e avec demande d\u2019accus\u00e9 de r\u00e9ception ou remise \u00e0 l\u2019int\u00e9ress\u00e9 contre d\u00e9charge \u2013 en lui indiquant l\u2019objet de la convocation ; la convocation indique \u00e9galement la date, l\u2019heure et le lieu de l\u2019entretien ainsi que la possibilit\u00e9 de se faire assister par une personne de son choix stagiaire ou salari\u00e9 de l\u2019organisme de formation.<\/p>\n\n\n\n<p>Article 12.3. &#8211; Assistance possible pendant l\u2019entretien<\/p>\n\n\n\n<p>Au cours de l\u2019entretien, le stagiaire peut se faire assister par une personne de son choix, stagiaire ou salari\u00e9 de l\u2019organisme. Le directeur ou son repr\u00e9sentant indique le motif de la sanction envisag\u00e9e et recueille les explications du stagiaire.<\/p>\n\n\n\n<p>Article 12.4. &#8211; Prononc\u00e9 de la sanction<\/p>\n\n\n\n<p>La sanction ne peut intervenir moins d\u2019un jour franc ni plus de quinze jours apr\u00e8s l\u2019entretien. La sanction fait l\u2019objet d\u2019une notification \u00e9crite et motiv\u00e9e au stagiaire sous forme d\u2019une lettre recommand\u00e9e ou remise contre d\u00e9charge.<\/p>\n\n\n\n<p>Le directeur de l\u2019organisme de formation informe l\u2019employeur, et \u00e9ventuellement l\u2019organisme paritaire prenant \u00e0 sa charge les frais de formation, de la sanction prise.<\/p>\n","protected":false},"excerpt":{"rendered":"<p>Pr\u00e9ambule Article 1 \u2013 Objet et champ d\u2019application du r\u00e8glement Le pr\u00e9sent r\u00e8glement s\u2019applique \u00e0 toutes les personnes participant \u00e0 une action de formation organis\u00e9e par Madame M\u00e9lanie BONNET. Le r\u00e8glement d\u00e9finit les r\u00e8gles d\u2019hygi\u00e8ne et de s\u00e9curit\u00e9, les r\u00e8gles g\u00e9n\u00e9rales et permanentes relatives \u00e0 la discipline ainsi que la nature et l\u2019\u00e9chelle des sanctions&hellip; <br \/> <a class=\"read-more\" href=\"https:\/\/melaniebonnet-psychologue.com\/index.php\/reglement-interieur-2\/\">Lire la suite<\/a><\/p>\n","protected":false},"author":1,"featured_media":0,"parent":0,"menu_order":0,"comment_status":"closed","ping_status":"closed","template":"","meta":[],"yoast_head":"<!-- This site is optimized with the Yoast SEO plugin v20.6 - https:\/\/yoast.com\/wordpress\/plugins\/seo\/ -->\n<title>R\u00e8glement int\u00e9rieur -<\/title>\n<meta name=\"robots\" content=\"index, follow, max-snippet:-1, max-image-preview:large, max-video-preview:-1\" \/>\n<link rel=\"canonical\" href=\"https:\/\/melaniebonnet-psychologue.com\/index.php\/reglement-interieur-2\/\" \/>\n<meta property=\"og:locale\" content=\"fr_FR\" \/>\n<meta property=\"og:type\" content=\"article\" \/>\n<meta property=\"og:title\" content=\"R\u00e8glement int\u00e9rieur -\" \/>\n<meta property=\"og:description\" content=\"Pr\u00e9ambule Article 1 \u2013 Objet et champ d\u2019application du r\u00e8glement Le pr\u00e9sent r\u00e8glement s\u2019applique \u00e0 toutes les personnes participant \u00e0 une action de formation organis\u00e9e par Madame M\u00e9lanie BONNET. Le r\u00e8glement d\u00e9finit les r\u00e8gles d\u2019hygi\u00e8ne et de s\u00e9curit\u00e9, les r\u00e8gles g\u00e9n\u00e9rales et permanentes relatives \u00e0 la discipline ainsi que la nature et l\u2019\u00e9chelle des sanctions&hellip; Lire la suite\" \/>\n<meta property=\"og:url\" content=\"https:\/\/melaniebonnet-psychologue.com\/index.php\/reglement-interieur-2\/\" \/>\n<meta property=\"article:modified_time\" content=\"2022-06-21T12:40:16+00:00\" \/>\n<meta name=\"twitter:card\" content=\"summary_large_image\" \/>\n<meta name=\"twitter:label1\" content=\"Dur\u00e9e de lecture estim\u00e9e\" \/>\n\t<meta name=\"twitter:data1\" content=\"7 minutes\" \/>\n<script type=\"application\/ld+json\" class=\"yoast-schema-graph\">{\"@context\":\"https:\/\/schema.org\",\"@graph\":[{\"@type\":\"WebPage\",\"@id\":\"https:\/\/melaniebonnet-psychologue.com\/index.php\/reglement-interieur-2\/\",\"url\":\"https:\/\/melaniebonnet-psychologue.com\/index.php\/reglement-interieur-2\/\",\"name\":\"R\u00e8glement int\u00e9rieur -\",\"isPartOf\":{\"@id\":\"https:\/\/melaniebonnet-psychologue.com\/#website\"},\"datePublished\":\"2021-12-08T13:44:14+00:00\",\"dateModified\":\"2022-06-21T12:40:16+00:00\",\"breadcrumb\":{\"@id\":\"https:\/\/melaniebonnet-psychologue.com\/index.php\/reglement-interieur-2\/#breadcrumb\"},\"inLanguage\":\"fr-FR\",\"potentialAction\":[{\"@type\":\"ReadAction\",\"target\":[\"https:\/\/melaniebonnet-psychologue.com\/index.php\/reglement-interieur-2\/\"]}]},{\"@type\":\"BreadcrumbList\",\"@id\":\"https:\/\/melaniebonnet-psychologue.com\/index.php\/reglement-interieur-2\/#breadcrumb\",\"itemListElement\":[{\"@type\":\"ListItem\",\"position\":1,\"name\":\"Accueil\",\"item\":\"https:\/\/melaniebonnet-psychologue.com\/\"},{\"@type\":\"ListItem\",\"position\":2,\"name\":\"R\u00e8glement int\u00e9rieur\"}]},{\"@type\":\"WebSite\",\"@id\":\"https:\/\/melaniebonnet-psychologue.com\/#website\",\"url\":\"https:\/\/melaniebonnet-psychologue.com\/\",\"name\":\"\",\"description\":\"M\u00e9lanie Bonnet | Psychologue du travail et des organisations\",\"publisher\":{\"@id\":\"https:\/\/melaniebonnet-psychologue.com\/#\/schema\/person\/7cc16104d73b721f7e7e3a3227405f0d\"},\"potentialAction\":[{\"@type\":\"SearchAction\",\"target\":{\"@type\":\"EntryPoint\",\"urlTemplate\":\"https:\/\/melaniebonnet-psychologue.com\/?s={search_term_string}\"},\"query-input\":\"required name=search_term_string\"}],\"inLanguage\":\"fr-FR\"},{\"@type\":[\"Person\",\"Organization\"],\"@id\":\"https:\/\/melaniebonnet-psychologue.com\/#\/schema\/person\/7cc16104d73b721f7e7e3a3227405f0d\",\"name\":\"admin6544\",\"image\":{\"@type\":\"ImageObject\",\"inLanguage\":\"fr-FR\",\"@id\":\"https:\/\/melaniebonnet-psychologue.com\/#\/schema\/person\/image\/\",\"url\":\"http:\/\/melaniebonnet-psychologue.com\/wp-content\/uploads\/2021\/09\/cropped-cropped-cropped-IMG_4683.jpg\",\"contentUrl\":\"http:\/\/melaniebonnet-psychologue.com\/wp-content\/uploads\/2021\/09\/cropped-cropped-cropped-IMG_4683.jpg\",\"width\":1434,\"height\":1786,\"caption\":\"admin6544\"},\"logo\":{\"@id\":\"https:\/\/melaniebonnet-psychologue.com\/#\/schema\/person\/image\/\"},\"sameAs\":[\"https:\/\/www.linkedin.com\/in\/mlanie-bonnet-psychologue-du-travail\/\"]}]}<\/script>\n<!-- \/ Yoast SEO plugin. -->","yoast_head_json":{"title":"R\u00e8glement int\u00e9rieur -","robots":{"index":"index","follow":"follow","max-snippet":"max-snippet:-1","max-image-preview":"max-image-preview:large","max-video-preview":"max-video-preview:-1"},"canonical":"https:\/\/melaniebonnet-psychologue.com\/index.php\/reglement-interieur-2\/","og_locale":"fr_FR","og_type":"article","og_title":"R\u00e8glement int\u00e9rieur -","og_description":"Pr\u00e9ambule Article 1 \u2013 Objet et champ d\u2019application du r\u00e8glement Le pr\u00e9sent r\u00e8glement s\u2019applique \u00e0 toutes les personnes participant \u00e0 une action de formation organis\u00e9e par Madame M\u00e9lanie BONNET. Le r\u00e8glement d\u00e9finit les r\u00e8gles d\u2019hygi\u00e8ne et de s\u00e9curit\u00e9, les r\u00e8gles g\u00e9n\u00e9rales et permanentes relatives \u00e0 la discipline ainsi que la nature et l\u2019\u00e9chelle des sanctions&hellip; Lire la suite","og_url":"https:\/\/melaniebonnet-psychologue.com\/index.php\/reglement-interieur-2\/","article_modified_time":"2022-06-21T12:40:16+00:00","twitter_card":"summary_large_image","twitter_misc":{"Dur\u00e9e de lecture estim\u00e9e":"7 minutes"},"schema":{"@context":"https:\/\/schema.org","@graph":[{"@type":"WebPage","@id":"https:\/\/melaniebonnet-psychologue.com\/index.php\/reglement-interieur-2\/","url":"https:\/\/melaniebonnet-psychologue.com\/index.php\/reglement-interieur-2\/","name":"R\u00e8glement int\u00e9rieur -","isPartOf":{"@id":"https:\/\/melaniebonnet-psychologue.com\/#website"},"datePublished":"2021-12-08T13:44:14+00:00","dateModified":"2022-06-21T12:40:16+00:00","breadcrumb":{"@id":"https:\/\/melaniebonnet-psychologue.com\/index.php\/reglement-interieur-2\/#breadcrumb"},"inLanguage":"fr-FR","potentialAction":[{"@type":"ReadAction","target":["https:\/\/melaniebonnet-psychologue.com\/index.php\/reglement-interieur-2\/"]}]},{"@type":"BreadcrumbList","@id":"https:\/\/melaniebonnet-psychologue.com\/index.php\/reglement-interieur-2\/#breadcrumb","itemListElement":[{"@type":"ListItem","position":1,"name":"Accueil","item":"https:\/\/melaniebonnet-psychologue.com\/"},{"@type":"ListItem","position":2,"name":"R\u00e8glement int\u00e9rieur"}]},{"@type":"WebSite","@id":"https:\/\/melaniebonnet-psychologue.com\/#website","url":"https:\/\/melaniebonnet-psychologue.com\/","name":"","description":"M\u00e9lanie Bonnet | Psychologue du travail et des organisations","publisher":{"@id":"https:\/\/melaniebonnet-psychologue.com\/#\/schema\/person\/7cc16104d73b721f7e7e3a3227405f0d"},"potentialAction":[{"@type":"SearchAction","target":{"@type":"EntryPoint","urlTemplate":"https:\/\/melaniebonnet-psychologue.com\/?s={search_term_string}"},"query-input":"required name=search_term_string"}],"inLanguage":"fr-FR"},{"@type":["Person","Organization"],"@id":"https:\/\/melaniebonnet-psychologue.com\/#\/schema\/person\/7cc16104d73b721f7e7e3a3227405f0d","name":"admin6544","image":{"@type":"ImageObject","inLanguage":"fr-FR","@id":"https:\/\/melaniebonnet-psychologue.com\/#\/schema\/person\/image\/","url":"http:\/\/melaniebonnet-psychologue.com\/wp-content\/uploads\/2021\/09\/cropped-cropped-cropped-IMG_4683.jpg","contentUrl":"http:\/\/melaniebonnet-psychologue.com\/wp-content\/uploads\/2021\/09\/cropped-cropped-cropped-IMG_4683.jpg","width":1434,"height":1786,"caption":"admin6544"},"logo":{"@id":"https:\/\/melaniebonnet-psychologue.com\/#\/schema\/person\/image\/"},"sameAs":["https:\/\/www.linkedin.com\/in\/mlanie-bonnet-psychologue-du-travail\/"]}]}},"_links":{"self":[{"href":"https:\/\/melaniebonnet-psychologue.com\/index.php\/wp-json\/wp\/v2\/pages\/1776"}],"collection":[{"href":"https:\/\/melaniebonnet-psychologue.com\/index.php\/wp-json\/wp\/v2\/pages"}],"about":[{"href":"https:\/\/melaniebonnet-psychologue.com\/index.php\/wp-json\/wp\/v2\/types\/page"}],"author":[{"embeddable":true,"href":"https:\/\/melaniebonnet-psychologue.com\/index.php\/wp-json\/wp\/v2\/users\/1"}],"replies":[{"embeddable":true,"href":"https:\/\/melaniebonnet-psychologue.com\/index.php\/wp-json\/wp\/v2\/comments?post=1776"}],"version-history":[{"count":1,"href":"https:\/\/melaniebonnet-psychologue.com\/index.php\/wp-json\/wp\/v2\/pages\/1776\/revisions"}],"predecessor-version":[{"id":1777,"href":"https:\/\/melaniebonnet-psychologue.com\/index.php\/wp-json\/wp\/v2\/pages\/1776\/revisions\/1777"}],"wp:attachment":[{"href":"https:\/\/melaniebonnet-psychologue.com\/index.php\/wp-json\/wp\/v2\/media?parent=1776"}],"curies":[{"name":"wp","href":"https:\/\/api.w.org\/{rel}","templated":true}]}}